{"id":9,"date":"2014-02-07T10:31:36","date_gmt":"2014-02-07T09:31:36","guid":{"rendered":"http:\/\/drevenepozeraky.cz\/?page_id=9"},"modified":"2025-03-17T19:08:23","modified_gmt":"2025-03-17T18:08:23","slug":"pozeraky","status":"publish","type":"page","link":"http:\/\/drevenepozeraky.cz\/?page_id=9","title":{"rendered":"Po\u017eer\u00e1ky"},"content":{"rendered":"<p>Po\u017eer\u00e1k b\u00fdv\u00e1 n\u011bkdy ozna\u010dov\u00e1n tak\u00e9 jako kbel, \u010dep, \u010dap, stavidlo nebo kaberna.<br \/>Lze ho vyrobit prakticky v jak\u00fdchkoli rozm\u011brech, z\u00e1kladn\u00ed vyr\u00e1b\u011bn\u00e9 varianty jsou pops\u00e1ny n\u00ed\u017ee.<\/p>\n<hr \/>\n<p><strong>VARIANTA STANDARD<\/strong><\/p>\n<p><em>Z\u00e1kladn\u00ed proveden\u00ed, nejb\u011b\u017en\u011bj\u0161\u00ed typ po\u017eer\u00e1ku.<\/em><\/p>\n<p><strong>Technick\u00e9 parametry<\/strong>:<br \/>sv\u011btlost &#8211; 400 x 400 mm<br \/>tlou\u0161\u0165ka fo\u0161en &#8211; 45 mm<br \/>hmotnost &#8211; ca 65 kg\/m<br \/>p\u0159elivn\u00e1 hrana &#8211; 340 mm<br \/><strong>Cena<\/strong>: b\u011b\u017en\u00fd metr 9523,- K\u010d<\/p>\n<hr \/>\n<p><strong>VARIANTA MINI<\/strong><\/p>\n<p><strong>Technick\u00e9 parametry<\/strong><br \/>sv\u011btlost &#8211; 325 x 300 mm<br \/>p\u0159elivn\u00e1 hrana &#8211; 240 mm<br \/><strong>Cena<\/strong>: b\u011b\u017en\u00fd metr 7525,- K\u010d<\/p>\n<hr \/>\n<p><strong>VARIANTA MIKRO<\/strong><br \/><em>Tento po\u017eer\u00e1k je vhodn\u00fd do zahradn\u00edch jez\u00edrek a mal\u00fdch p\u0159\u00edrodn\u00edch koupali\u0161\u0165.<\/em><\/p>\n<p><strong>Technick\u00e9 parametry<\/strong><br \/>sv\u011btlost &#8211; 255 x 200 mm<br \/>p\u0159elivn\u00e1 hrana &#8211; 140 mm<br \/><strong>Cena<\/strong>: b\u011b\u017en\u00fd metr 5930,- K\u010d<\/p>\n<hr \/>\n<p><strong>VARIANTA V\u00cdCEKOMOROV\u00dd<\/strong><br \/><em>Tento typ po\u017eer\u00e1ku je vhodn\u00fd pro rybn\u00edky s velmi mal\u00fdm p\u0159\u00edtokem vody, m\u00e1 \u010dty\u0159i dlu\u017eov\u00e9 st\u011bny a libovoln\u00e1 komora mezi dlu\u017eemi lze ut\u011bsnit j\u00edlem.<\/em><br \/><em> Potom je po\u017eer\u00e1k dokonale t\u011bsn\u00fd a lze odpou\u0161t\u011bt i spodn\u00ed vodu.<\/em><\/p>\n<p><strong>Technick\u00e9 parametry<\/strong><br \/>sv\u011btlost &#8211; 430 x 400 mm<br \/>p\u0159elivn\u00e1 hrana &#8211; 340 mm<br \/><strong>Cena<\/strong>: b\u011b\u017en\u00fd metr 10000,- K\u010d<\/p>\n<hr \/>\n<p><strong>VARIANTA ATYP<\/strong><\/p>\n<p><strong>Technick\u00e9 parametry<\/strong><br \/>sv\u011btlost &#8211; dle po\u017eadavk\u016f<br \/><strong>Cena<\/strong>: dohodou dle parametr\u016f<\/p>\n<hr \/>\n<p>Obrazov\u00fd p\u0159ehled vyr\u00e1b\u011bn\u00fdch variant dubov\u00fdch po\u017eer\u00e1k\u016f:<\/p>\n<table>\n<tbody>\n<tr>\n<td><strong>Standard<\/strong><\/td>\n<td><strong>Mini<\/strong><\/td>\n<td><strong>Mikro<\/strong><\/td>\n<td><strong>V\u00edcekomorov\u00fd<\/strong><\/td>\n<td><strong>Atyp<\/strong><\/td>\n<\/tr>\n<tr>\n<td><span class=\"wp-easy-gallery\"><a onclick=\"var images=['http:\/\/drevenepozeraky.cz\/wp-content\/uploads\/2014\/02\/DB_1.jpg', 'http:\/\/drevenepozeraky.cz\/wp-content\/uploads\/2014\/02\/DB_2.jpg', 'http:\/\/drevenepozeraky.cz\/wp-content\/uploads\/2014\/02\/DB_3.jpg', 'http:\/\/drevenepozeraky.cz\/wp-content\/uploads\/2014\/02\/DB_4.jpg', 'http:\/\/drevenepozeraky.cz\/wp-content\/uploads\/2014\/02\/DB_5.jpg', 'http:\/\/drevenepozeraky.cz\/wp-content\/uploads\/2014\/02\/DB_6.jpg', 'http:\/\/drevenepozeraky.cz\/wp-content\/uploads\/2014\/02\/DB_71.jpg', 'http:\/\/drevenepozeraky.cz\/wp-content\/uploads\/2014\/02\/DB_8.jpg']; var titles=['', '', '', '', '', '', '', '']; var descriptions=['', '', '', '', '', '', '', '']; jQuery.prettyPhoto.open(images,titles,descriptions);\" title=\"Dubov\u00fd po\u017eer\u00e1k\" style=\"cursor: pointer;\"><img decoding=\"async\" class=\"dShadow trans\" src=\"http:\/\/drevenepozeraky.cz\/wp-content\/uploads\/2014\/02\/DB_72-150x150.jpg\" width='150' height='150' border=\"0\" alt=\"Dubov\u00fd po\u017eer\u00e1k\" \/><\/a><\/span><\/td>\n<td><span class=\"wp-easy-gallery\"><a onclick=\"var images=['http:\/\/drevenepozeraky.cz\/wp-content\/uploads\/2014\/02\/dub_mini.jpg', 'http:\/\/drevenepozeraky.cz\/wp-content\/uploads\/2014\/02\/dub_mini_21.jpg', 'http:\/\/drevenepozeraky.cz\/wp-content\/uploads\/2014\/02\/dub_mini_3.jpg', 'http:\/\/drevenepozeraky.cz\/wp-content\/uploads\/2014\/02\/dub_mini_41.jpg', 'http:\/\/drevenepozeraky.cz\/wp-content\/uploads\/2014\/02\/dub_mini_5.jpg', 'http:\/\/drevenepozeraky.cz\/wp-content\/uploads\/2014\/02\/dub_mini_62.jpg']; var titles=['', '', '', '', '', '']; var descriptions=['', '', '', '', '', '']; jQuery.prettyPhoto.open(images,titles,descriptions);\" title=\"Dubov\u00fd po\u017eer\u00e1k MINI\" style=\"cursor: pointer;\"><img decoding=\"async\" class=\"dShadow trans\" src=\"http:\/\/drevenepozeraky.cz\/wp-content\/uploads\/2014\/02\/dub_mini_61-150x150.jpg\"   border=\"0\" alt=\"Dubov\u00fd po\u017eer\u00e1k MINI\" \/><\/a><\/span><\/td>\n<td><span class=\"wp-easy-gallery\"><a onclick=\"var images=['http:\/\/drevenepozeraky.cz\/wp-content\/uploads\/2014\/08\/mikro_11-1024x768.jpg', 'http:\/\/drevenepozeraky.cz\/wp-content\/uploads\/2014\/08\/mikro_2-1024x768.jpg', 'http:\/\/drevenepozeraky.cz\/wp-content\/uploads\/2014\/08\/mikro_3-1024x768.jpg', 'http:\/\/drevenepozeraky.cz\/wp-content\/uploads\/2014\/08\/mikro_4-768x1024.jpg', 'http:\/\/drevenepozeraky.cz\/wp-content\/uploads\/2014\/08\/mikro_5-1024x768.jpg', 'http:\/\/drevenepozeraky.cz\/wp-content\/uploads\/2014\/08\/mikro_6-1024x768.jpg', 'http:\/\/drevenepozeraky.cz\/wp-content\/uploads\/2014\/08\/mikro_7-768x1024.jpg', 'http:\/\/drevenepozeraky.cz\/wp-content\/uploads\/2014\/08\/mikro_8-1024x768.jpg']; var titles=['', '', '', '', '', '', '', '']; var descriptions=['', '', '', '', '', '', '', '']; jQuery.prettyPhoto.open(images,titles,descriptions);\" title=\"Dubov\u00fd po\u017eer\u00e1k MIKRO\" style=\"cursor: pointer;\"><img decoding=\"async\" class=\"dShadow trans\" src=\"http:\/\/drevenepozeraky.cz\/wp-content\/uploads\/2014\/08\/mikro_11-150x150.jpg\"   border=\"0\" alt=\"Dubov\u00fd po\u017eer\u00e1k MIKRO\" \/><\/a><\/span><\/td>\n<td><span class=\"wp-easy-gallery\"><a onclick=\"var images=['http:\/\/drevenepozeraky.cz\/wp-content\/uploads\/2014\/02\/vicekomora_11.jpg', 'http:\/\/drevenepozeraky.cz\/wp-content\/uploads\/2014\/02\/vicekomora_2.jpg', 'http:\/\/drevenepozeraky.cz\/wp-content\/uploads\/2014\/02\/vicekomora_3.jpg', 'http:\/\/drevenepozeraky.cz\/wp-content\/uploads\/2014\/02\/vicekomora_4.jpg']; var titles=['', '', '', '']; var descriptions=['', '', '', '']; jQuery.prettyPhoto.open(images,titles,descriptions);\" title=\"Dubov\u00fd po\u017eer\u00e1k V\u00cdCEKOMOROV\u00dd\" style=\"cursor: pointer;\"><img decoding=\"async\" class=\"dShadow trans\" src=\"http:\/\/drevenepozeraky.cz\/wp-content\/uploads\/2014\/02\/vicekomora_1-150x150.jpg\"   border=\"0\" alt=\"Dubov\u00fd po\u017eer\u00e1k V\u00cdCEKOMOROV\u00dd\" \/><\/a><\/span><\/td>\n<td><span class=\"wp-easy-gallery\"><a onclick=\"var images=['http:\/\/drevenepozeraky.cz\/wp-content\/uploads\/2014\/02\/atyp_21.jpg', 'http:\/\/drevenepozeraky.cz\/wp-content\/uploads\/2014\/02\/atyp_3.jpg', 'http:\/\/drevenepozeraky.cz\/wp-content\/uploads\/2014\/02\/atyp_4.jpg', 'http:\/\/drevenepozeraky.cz\/wp-content\/uploads\/2014\/09\/atyp_5.jpg', 'http:\/\/drevenepozeraky.cz\/wp-content\/uploads\/2014\/09\/atyp_6.jpg', 'http:\/\/drevenepozeraky.cz\/wp-content\/uploads\/2014\/09\/atyp_7.jpg', 'http:\/\/drevenepozeraky.cz\/wp-content\/uploads\/2014\/09\/atyp_8.jpg']; var titles=['', '', '', '', '', '', '']; var descriptions=['', '', '', '', '', '', '']; jQuery.prettyPhoto.open(images,titles,descriptions);\" title=\"Dubov\u00fd po\u017eer\u00e1k ATYP\" style=\"cursor: pointer;\"><img decoding=\"async\" class=\"dShadow trans\" src=\"http:\/\/drevenepozeraky.cz\/wp-content\/uploads\/2014\/02\/atyp_2-150x150.jpg\"   border=\"0\" alt=\"Dubov\u00fd po\u017eer\u00e1k ATYP\" \/><\/a><\/span><\/td>\n<\/tr>\n<\/tbody>\n<\/table>\n<hr \/>\n<h2>P\u0159\u00edslu\u0161enstv\u00ed k po\u017eer\u00e1k\u016fm<\/h2>\n<p><strong><br \/>DLU\u017dE<\/strong><\/p>\n<table>\n<tbody>\n<tr>\n<td>Dlu\u017ee vyr\u00e1b\u00edme v n\u00e1sleduj\u00edc\u00edch variant\u00e1ch (ceny jsou za 1m<sup>2<\/sup>):<br \/>&#8211; dubov\u00e9 fo\u0161ny s h\u00e1\u010dky: 3929,- K\u010d<br \/>&#8211; dubov\u00e9 fo\u0161ny (do 47 mm): 2831,- K\u010d<br \/>&#8211; dubov\u00e1 prkna s h\u00e1\u010dky: 3120,- K\u010d<br \/>&#8211; dubov\u00e1 prkna (do 27 mm): 2022,- K\u010d<br \/>&#8211; smrk, borovice, jedle prkna s h\u00e1\u010dky: 2311,- K\u010d<br \/>&#8211; smrk, borovice, jedle prkna: 1213,- K\u010d<br \/>&#8211; smrk, borovice, jedle fo\u0161ny s h\u00e1\u010dky: 2716,- K\u010d<br \/>&#8211; smrk, borovice, jedle fo\u0161ny: 1618,- K\u010d<\/td>\n<td><span class=\"wp-easy-gallery\"><a onclick=\"var images=['http:\/\/drevenepozeraky.cz\/wp-content\/uploads\/2014\/02\/stauwand_1.jpg', 'http:\/\/drevenepozeraky.cz\/wp-content\/uploads\/2014\/02\/stauwand_21.jpg', 'http:\/\/drevenepozeraky.cz\/wp-content\/uploads\/2014\/02\/stauwand_3.jpg']; var titles=['', '', '']; var descriptions=['', '', '']; jQuery.prettyPhoto.open(images,titles,descriptions);\" title=\"Dlu\u017ee\" style=\"cursor: pointer;\"><img decoding=\"async\" class=\"dShadow trans\" src=\"http:\/\/drevenepozeraky.cz\/wp-content\/uploads\/2014\/02\/stauwand_2-150x150.jpg\" width='150' height='150' border=\"0\" alt=\"Dlu\u017ee\" \/><\/a><\/span><\/td>\n<\/tr>\n<\/tbody>\n<\/table>\n<hr \/>\n<p><strong>UZAMYKATELN\u00dd POKLOP<\/strong><\/p>\n<p>Masivn\u00ed dubov\u00fd poklop s mo\u017enost\u00ed uzam\u010den\u00ed<br \/>Standard + V\u00edcekomorov\u00fd: 2039,- K\u010d<br \/>Mini: 1586,- K\u010d<br \/>Mikro: 1133,- K\u010d<\/p>\n<hr \/>\n<p><strong>\u010cESLE<\/strong><\/p>\n<p>Pozinkovan\u00e9 \u010desle 400 x 400 mm<br \/>\u0160\u00ed\u0159ka pole 20 mm<br \/>Cena (do \u0161\u00ed\u0159ky 400 mm): 906,- K\u010d<\/p>\n<hr \/>\n<p><em><strong>V\u0161echny ceny jsou uvedeny bez DPH<\/strong><\/em><\/p>\n\n\n<hr class=\"wp-block-separator has-alpha-channel-opacity\"\/>\n\n\n\n<p class=\"has-text-align-center\">po\u017eer\u00e1k | kbel | kaberna | \u010dep | \u010dap | stavidlo | v\u00fdpus\u0165<\/p>\n","protected":false},"excerpt":{"rendered":"<p>Po\u017eer\u00e1k b\u00fdv\u00e1 n\u011bkdy ozna\u010dov\u00e1n tak\u00e9 jako kbel, \u010dep, \u010dap, stavidlo nebo kaberna.Lze ho vyrobit prakticky v jak\u00fdchkoli rozm\u011brech, z\u00e1kladn\u00ed vyr\u00e1b\u011bn\u00e9 varianty jsou pops\u00e1ny n\u00ed\u017ee. VARIANTA STANDARD Z\u00e1kladn\u00ed proveden\u00ed, nejb\u011b\u017en\u011bj\u0161\u00ed typ po\u017eer\u00e1ku. Technick\u00e9 parametry:sv\u011btlost &#8211; 400 x 400 mmtlou\u0161\u0165ka fo\u0161en &#8211; 45 mmhmotnost &#8211; ca 65 kg\/mp\u0159elivn\u00e1 hrana &#8211; 340 mmCena:\u2026<\/p>\n<p class=\"continue-reading-button\"> <a class=\"continue-reading-link\" href=\"http:\/\/drevenepozeraky.cz\/?page_id=9\">Continue reading<i class=\"crycon-right-dir\"><\/i><\/a><\/p>\n","protected":false},"author":1,"featured_media":0,"parent":0,"menu_order":2,"comment_status":"closed","ping_status":"closed","template":"","meta":{"jetpack_post_was_ever_published":false,"footnotes":""},"class_list":["post-9","page","type-page","status-publish","hentry"],"jetpack_shortlink":"https:\/\/wp.me\/P4l0Ga-9","jetpack_sharing_enabled":true,"_links":{"self":[{"href":"http:\/\/drevenepozeraky.cz\/index.php?rest_route=\/wp\/v2\/pages\/9","targetHints":{"allow":["GET"]}}],"collection":[{"href":"http:\/\/drevenepozeraky.cz\/index.php?rest_route=\/wp\/v2\/pages"}],"about":[{"href":"http:\/\/drevenepozeraky.cz\/index.php?rest_route=\/wp\/v2\/types\/page"}],"author":[{"embeddable":true,"href":"http:\/\/drevenepozeraky.cz\/index.php?rest_route=\/wp\/v2\/users\/1"}],"replies":[{"embeddable":true,"href":"http:\/\/drevenepozeraky.cz\/index.php?rest_route=%2Fwp%2Fv2%2Fcomments&post=9"}],"version-history":[{"count":82,"href":"http:\/\/drevenepozeraky.cz\/index.php?rest_route=\/wp\/v2\/pages\/9\/revisions"}],"predecessor-version":[{"id":560,"href":"http:\/\/drevenepozeraky.cz\/index.php?rest_route=\/wp\/v2\/pages\/9\/revisions\/560"}],"wp:attachment":[{"href":"http:\/\/drevenepozeraky.cz\/index.php?rest_route=%2Fwp%2Fv2%2Fmedia&parent=9"}],"curies":[{"name":"wp","href":"https:\/\/api.w.org\/{rel}","templated":true}]}}