{"id":50,"date":"2014-02-07T12:01:20","date_gmt":"2014-02-07T11:01:20","guid":{"rendered":"http:\/\/drevenepozeraky.cz\/?page_id=50"},"modified":"2025-02-21T15:04:26","modified_gmt":"2025-02-21T14:04:26","slug":"kontakt","status":"publish","type":"page","link":"http:\/\/drevenepozeraky.cz\/?page_id=50","title":{"rendered":"Kontakt"},"content":{"rendered":"<p>S\u00eddl\u00edme na Vyso\u010din\u011b v bl\u00edzkosti Kamenice nad Lipou.<\/p>\n<p>Kontaktn\u00ed osoba pro \u010ceskou republiku a Slovensko:<br \/>\nIng. Tom\u00e1\u0161 Dvo\u0159\u00e1k<br \/>\nTel. \u010d.:\u00a0+420 728 281 319<br \/>\nE-mail:\u00a0<a title=\"Napi\u0161te n\u00e1m!\" href=\"mailto:drevenepozeraky@centrum.cz\">drevenepozeraky@centrum.cz<br \/>\n<\/a><\/p>\n<p><a href=\"http:\/\/drevenepozeraky.cz\/wp-content\/uploads\/2014\/02\/KnL_mapa_CR.jpg\"><img loading=\"lazy\" decoding=\"async\" class=\"size-medium wp-image-55 alignnone\" alt=\"KnL_mapa_CR\" src=\"http:\/\/drevenepozeraky.cz\/wp-content\/uploads\/2014\/02\/KnL_mapa_CR-300x182.jpg\" width=\"300\" height=\"182\" srcset=\"http:\/\/drevenepozeraky.cz\/wp-content\/uploads\/2014\/02\/KnL_mapa_CR-300x182.jpg 300w, http:\/\/drevenepozeraky.cz\/wp-content\/uploads\/2014\/02\/KnL_mapa_CR.jpg 416w\" sizes=\"auto, (max-width: 300px) 100vw, 300px\" \/><\/a><\/p>\n\n\n<hr class=\"wp-block-separator has-alpha-channel-opacity\"\/>\n\n\n\n<p class=\"has-text-align-center\">po\u017eer\u00e1k | kbel | kaberna | \u010dep | \u010dap | stavidlo | v\u00fdpus\u0165<\/p>\n","protected":false},"excerpt":{"rendered":"<p>S\u00eddl\u00edme na Vyso\u010din\u011b v bl\u00edzkosti Kamenice nad Lipou. Kontaktn\u00ed osoba pro \u010ceskou republiku a Slovensko: Ing. Tom\u00e1\u0161 Dvo\u0159\u00e1k Tel. \u010d.:\u00a0+420 728 281 319 E-mail:\u00a0drevenepozeraky@centrum.cz po\u017eer\u00e1k | kbel | kaberna | \u010dep | \u010dap | stavidlo | v\u00fdpus\u0165<\/p>\n<p class=\"continue-reading-button\"> <a class=\"continue-reading-link\" href=\"http:\/\/drevenepozeraky.cz\/?page_id=50\">Continue reading<i class=\"crycon-right-dir\"><\/i><\/a><\/p>\n","protected":false},"author":1,"featured_media":0,"parent":0,"menu_order":8,"comment_status":"closed","ping_status":"closed","template":"","meta":{"jetpack_post_was_ever_published":false,"footnotes":""},"class_list":["post-50","page","type-page","status-publish","hentry"],"jetpack_shortlink":"https:\/\/wp.me\/P4l0Ga-O","jetpack_sharing_enabled":true,"_links":{"self":[{"href":"http:\/\/drevenepozeraky.cz\/index.php?rest_route=\/wp\/v2\/pages\/50","targetHints":{"allow":["GET"]}}],"collection":[{"href":"http:\/\/drevenepozeraky.cz\/index.php?rest_route=\/wp\/v2\/pages"}],"about":[{"href":"http:\/\/drevenepozeraky.cz\/index.php?rest_route=\/wp\/v2\/types\/page"}],"author":[{"embeddable":true,"href":"http:\/\/drevenepozeraky.cz\/index.php?rest_route=\/wp\/v2\/users\/1"}],"replies":[{"embeddable":true,"href":"http:\/\/drevenepozeraky.cz\/index.php?rest_route=%2Fwp%2Fv2%2Fcomments&post=50"}],"version-history":[{"count":7,"href":"http:\/\/drevenepozeraky.cz\/index.php?rest_route=\/wp\/v2\/pages\/50\/revisions"}],"predecessor-version":[{"id":558,"href":"http:\/\/drevenepozeraky.cz\/index.php?rest_route=\/wp\/v2\/pages\/50\/revisions\/558"}],"wp:attachment":[{"href":"http:\/\/drevenepozeraky.cz\/index.php?rest_route=%2Fwp%2Fv2%2Fmedia&parent=50"}],"curies":[{"name":"wp","href":"https:\/\/api.w.org\/{rel}","templated":true}]}}