{"id":44,"date":"2014-02-07T11:41:52","date_gmt":"2014-02-07T10:41:52","guid":{"rendered":"http:\/\/drevenepozeraky.cz\/?page_id=44"},"modified":"2025-02-21T14:59:36","modified_gmt":"2025-02-21T13:59:36","slug":"rady-a-doporuceni","status":"publish","type":"page","link":"http:\/\/drevenepozeraky.cz\/?page_id=44","title":{"rendered":"Rady a doporu\u010den\u00ed"},"content":{"rendered":"<p><span style=\"line-height: 1.5em;\">1. Jestli\u017ee p\u0159i osazen\u00ed po\u017eer\u00e1ku vyu\u017eijete k\u00a0jeho stabilizaci masivn\u00ed d\u0159ev\u011bnou kostru,\u00a0<\/span><span style=\"line-height: 1.5em;\">je dobr\u00e9, aby cel\u00e1 kostra byla trvale zatopena. To zv\u00fd\u0161\u00ed jej\u00ed \u017eivotnost. Potom ale dbejte na bezpe\u010dnost, zvl\u00e1\u0161t\u011b plavc\u016f! Pono\u0159enou kostru nejl\u00e9pe vyla\u0165ujte nad vodn\u00ed hladinu! A z\u00e1rove\u0148 \u0159\u00e1dn\u011b ozna\u010dte!<\/span><\/p>\n<p><span style=\"line-height: 1.5em;\">2.\u00a0<\/span>Vodn\u00ed n\u00e1dr\u017e, ve\u00a0kter\u00e9 m\u00e1te osazen\u00fd jedlov\u00fd po\u017eer\u00e1k, nenech\u00e1vejte po del\u0161\u00ed dobu vypu\u0161t\u011bnou. Jedle je m\u011bkk\u00e9 d\u0159evo, kter\u00e9 podl\u00e9h\u00e1 p\u0159i zm\u011bn\u011b vlhkosti pom\u011brn\u011b velk\u00fdm objemov\u00fdm zm\u011bn\u00e1m. A mohlo by doj\u00edt ke vzniku praskliny.<\/p>\n<p>3.\u00a0Nejb\u011b\u017en\u011bj\u0161\u00ed zp\u016fsob instalace po\u017eer\u00e1ku je zapu\u0161t\u011bn\u00ed po\u017eer\u00e1ku do betonov\u00e9ho z\u00e1kladu. Hloubka zapu\u0161t\u011bn\u00ed je 0,6-1,0 m. Z\u00e1le\u017e\u00ed na nadzemn\u00ed v\u00fd\u0161ce po\u017eer\u00e1ku. Tento parametr je d\u016fle\u017eit\u00fdm \u00fadajem p\u0159i v\u00fdrob\u011b. D\u00e1le pot\u0159ebujeme v\u011bd\u011bt hloubku vody a v\u00fd\u0161ku vy\u010dn\u00edv\u00e1n\u00ed po\u017eer\u00e1ku nad hladinu. Po\u017eer\u00e1k by m\u011bl nad hladinu vy\u010dn\u00edvat alespo\u0148 0,5m. A to z\u00a0d\u016fvodu, aby vodn\u00ed vlny nesm\u00e1\u010dely l\u00e1vku. Posledn\u00edm d\u016fle\u017eit\u00fdm \u00fadajem pro n\u00e1s je vn\u011bj\u0161\u00ed pr\u016fm\u011br potrub\u00ed od po\u017eer\u00e1ku.<\/p>\n<p>4.\u00a0Rozmyslete si, zda chcete odpou\u0161t\u011bt teplou vodu z\u00a0hladiny, nebo studenou vodu ode dna. Proto maj\u00ed po\u017eer\u00e1ky v\u00edce ne\u017e jednu dlu\u017eovou st\u011bnu.<br \/>Jestli\u017ee chcete odpou\u0161t\u011bt vodu z\u00a0hladiny, pak prvn\u00ed dlu\u017eovou st\u011bnu zahrad\u00edte celou ode dna a\u017e k\u00a0hladin\u011b (prakticky sta\u010d\u00ed zahradit jen jednu dlu\u017eovou st\u011bnu).<br \/>Jestli\u017ee chcete odpou\u0161t\u011bt vodu ode dna, pak v\u00a0prvn\u00ed dlu\u017eov\u00e9 st\u011bn\u011b um\u00edst\u00edte ke dnu \u010desle. A nad n\u011b pak dlu\u017ee. Voda potom prot\u00e9k\u00e1 dole p\u0159es \u010desle, d\u00e1le nahoru prvn\u00ed komorou a voln\u011b p\u0159epad\u00e1 p\u0159es zadn\u00ed (druhou) dlu\u017eovou st\u011bnu.<br \/>V\u00a0l\u00e9t\u011b odpou\u0161t\u00edme teplou vodu z\u00a0hladiny, nebo studenou ode dna. Podle druhu ryby, kterou chov\u00e1me.<br \/>V\u00a0zim\u011b je ov\u0161em teplota vody naopak nejv\u011bt\u0161\u00ed u dna. A p\u0159i odpou\u0161t\u011bn\u00ed vody ze dna ot\u00e9k\u00e1 p\u00e1v\u011b voda nejteplej\u0161\u00ed. A n\u00e1dr\u017e m\u016f\u017ee vymrzat. Naproti tomu je n\u011bkdy u dna rozpu\u0161t\u011bno v\u00edce bahenn\u00edch plyn\u016f, kter\u00fdm br\u00e1n\u00ed v\u00a0\u00faniku zamrzl\u00e1 hladina. Tyto plyny mohou b\u00fdt p\u0159\u00ed\u010dinou \u00fahynu ryb. Proto se v\u00a0\u010dast\u00fdch p\u0159\u00edpadech doporu\u010duje i v\u00a0zimn\u00edm obdob\u00ed odpou\u0161t\u011bt vodu ze dna.<br \/>V\u00fdhodou odpou\u0161t\u011bn\u00ed vody z\u00a0hladiny je i odtok nejr\u016fzn\u011bj\u0161\u00ed plavenin z\u00a0vodn\u00ed hladiny.<\/p>\n<p>5.\u00a0Samotn\u00fd po\u017eer\u00e1k je t\u011bsn\u00fd. Net\u011bsnost m\u016f\u017ee vzniknout v\u00a0dlu\u017eov\u00e9 st\u011bn\u011b. Pro zv\u00fd\u0161en\u00ed t\u011bsnosti se vyu\u017eije jemn\u00fdch pilin nebo lesn\u00ed hrabanky, kter\u00e1 se nasype do komory mezi dv\u011b dlu\u017eov\u00e9 st\u011bny. T\u011bmito pilinami nebo hrabankou se \u201cpocukruje\u201c vodn\u00ed hladina mezi dlu\u017eemi \u201cv komo\u0159e\u201c. Jemn\u00e9 \u010d\u00e1ste\u010dky b\u011bhem doby zvlhnou, zt\u011b\u017eknou, jsou str\u017eeny proudem a ucpou mezery. To opakujeme po n\u011bkolik dn\u00ed. Vypln\u011bn\u00ed cel\u00e9 komory uveden\u00fdm materi\u00e1lem se neosv\u011bd\u010duje.<br \/>Jestli\u017ee chceme zajistit naprostou t\u011bsnost po\u017eer\u00e1ku, mus\u00edme komoru celou vyplnit j\u00edlem.<br \/>A\u0165 ji\u017e vyu\u017eijeme ut\u011bsn\u011bn\u00ed dlu\u017e\u00ed pilinami, hrabankou nebo j\u00edlem, vzd\u00e1v\u00e1me se logicky mo\u017enosti odpou\u0161t\u011bn\u00ed spodn\u00ed vody. M\u016f\u017eeme odpou\u0161t\u011bt vodu pouze ze vodn\u00ed hladiny. \u0158e\u0161en\u00edm je volba po\u017eer\u00e1ku s\u00a0v\u00edce ne\u017e dv\u011bmi dlu\u017eov\u00fdmi st\u011bnami, kter\u00fd tak\u00e9 vyr\u00e1b\u00edme.<br \/>\u00dadery ze shora na dlu\u017eovou st\u011bnu se t\u011bsnost nezv\u00fd\u0161\u00ed. Naopak se situace je\u0161t\u011b zhor\u0161\u00ed. S\u00a0usazen\u00fdmi dlu\u017eemi se u\u017e nesm\u00ed h\u00fdbat, nebo do nich klepat.<\/p>\n<p>\u00a0<\/p>\n\n\n<hr class=\"wp-block-separator has-alpha-channel-opacity\"\/>\n\n\n\n<p class=\"has-text-align-center\">po\u017eer\u00e1k | kbel | kaberna | \u010dep | \u010dap | stavidlo | v\u00fdpus\u0165<\/p>\n","protected":false},"excerpt":{"rendered":"<p>1. Jestli\u017ee p\u0159i osazen\u00ed po\u017eer\u00e1ku vyu\u017eijete k\u00a0jeho stabilizaci masivn\u00ed d\u0159ev\u011bnou kostru,\u00a0je dobr\u00e9, aby cel\u00e1 kostra byla trvale zatopena. To zv\u00fd\u0161\u00ed jej\u00ed \u017eivotnost. Potom ale dbejte na bezpe\u010dnost, zvl\u00e1\u0161t\u011b plavc\u016f! Pono\u0159enou kostru nejl\u00e9pe vyla\u0165ujte nad vodn\u00ed hladinu! A z\u00e1rove\u0148 \u0159\u00e1dn\u011b ozna\u010dte! 2.\u00a0Vodn\u00ed n\u00e1dr\u017e, ve\u00a0kter\u00e9 m\u00e1te osazen\u00fd jedlov\u00fd po\u017eer\u00e1k, nenech\u00e1vejte po del\u0161\u00ed\u2026<\/p>\n<p class=\"continue-reading-button\"> <a class=\"continue-reading-link\" href=\"http:\/\/drevenepozeraky.cz\/?page_id=44\">Continue reading<i class=\"crycon-right-dir\"><\/i><\/a><\/p>\n","protected":false},"author":1,"featured_media":0,"parent":0,"menu_order":7,"comment_status":"closed","ping_status":"closed","template":"","meta":{"jetpack_post_was_ever_published":false,"footnotes":""},"class_list":["post-44","page","type-page","status-publish","hentry"],"jetpack_shortlink":"https:\/\/wp.me\/P4l0Ga-I","jetpack_sharing_enabled":true,"_links":{"self":[{"href":"http:\/\/drevenepozeraky.cz\/index.php?rest_route=\/wp\/v2\/pages\/44","targetHints":{"allow":["GET"]}}],"collection":[{"href":"http:\/\/drevenepozeraky.cz\/index.php?rest_route=\/wp\/v2\/pages"}],"about":[{"href":"http:\/\/drevenepozeraky.cz\/index.php?rest_route=\/wp\/v2\/types\/page"}],"author":[{"embeddable":true,"href":"http:\/\/drevenepozeraky.cz\/index.php?rest_route=\/wp\/v2\/users\/1"}],"replies":[{"embeddable":true,"href":"http:\/\/drevenepozeraky.cz\/index.php?rest_route=%2Fwp%2Fv2%2Fcomments&post=44"}],"version-history":[{"count":3,"href":"http:\/\/drevenepozeraky.cz\/index.php?rest_route=\/wp\/v2\/pages\/44\/revisions"}],"predecessor-version":[{"id":555,"href":"http:\/\/drevenepozeraky.cz\/index.php?rest_route=\/wp\/v2\/pages\/44\/revisions\/555"}],"wp:attachment":[{"href":"http:\/\/drevenepozeraky.cz\/index.php?rest_route=%2Fwp%2Fv2%2Fmedia&parent=44"}],"curies":[{"name":"wp","href":"https:\/\/api.w.org\/{rel}","templated":true}]}}