{"id":422,"date":"2015-12-23T20:18:08","date_gmt":"2015-12-23T19:18:08","guid":{"rendered":"http:\/\/drevenepozeraky.cz\/?page_id=422"},"modified":"2025-02-21T14:57:00","modified_gmt":"2025-02-21T13:57:00","slug":"stavidla","status":"publish","type":"page","link":"http:\/\/drevenepozeraky.cz\/?page_id=422","title":{"rendered":"Stavidla"},"content":{"rendered":"<p>K hrazen\u00ed a regulaci vodn\u00ed hladiny, respektive k regulaci odtoku, lze krom\u011b po\u017eer\u00e1ku vyu\u017e\u00edt tak\u00e9 stavidlo.<\/p>\n<p>Orienta\u010dn\u00ed cena dubov\u00e9ho stavidla, v\u010detn\u011b regula\u010dn\u00edch kovov\u00fdch prvk\u016f, je 17 tis. K\u010d.<br \/>S dod\u00e1vkou v\u010detn\u011b kovov\u00e9ho vod\u00edc\u00edho r\u00e1mu je to p\u0159ibli\u017en\u011b 23 tis. K\u010d.<br \/>Cena mont\u00e1\u017ee a zednick\u00fdch prac\u00ed je dle dohody.<\/p>\n<span class=\"wp-easy-gallery\"><a onclick=\"var images=['http:\/\/drevenepozeraky.cz\/wp-content\/uploads\/2015\/12\/stavidla_1.jpg', 'http:\/\/drevenepozeraky.cz\/wp-content\/uploads\/2015\/12\/stavidla_2.jpg', 'http:\/\/drevenepozeraky.cz\/wp-content\/uploads\/2015\/12\/stavidla_3.jpg', 'http:\/\/drevenepozeraky.cz\/wp-content\/uploads\/2015\/12\/stavidla_4.jpg', 'http:\/\/drevenepozeraky.cz\/wp-content\/uploads\/2015\/12\/stavidla_5-1.jpg', 'http:\/\/drevenepozeraky.cz\/wp-content\/uploads\/2015\/12\/stavidla_6.jpg']; var titles=['', '', '', '', '', '']; var descriptions=['', '', '', '', '', '']; jQuery.prettyPhoto.open(images,titles,descriptions);\" title=\"Stavidla\" style=\"cursor: pointer;\"><img decoding=\"async\" class=\"dShadow trans\" src=\"http:\/\/drevenepozeraky.cz\/wp-content\/uploads\/2015\/12\/stavidla_5-150x150.jpg\"   border=\"0\" alt=\"Stavidla\" \/><\/a><\/span>\n<hr \/>\n<p><em><strong>V\u0161echny ceny jsou uvedeny bez DPH<\/strong><\/em><\/p>\n\n\n<hr class=\"wp-block-separator has-alpha-channel-opacity\"\/>\n\n\n\n<p class=\"has-text-align-center\">po\u017eer\u00e1k | kbel | kaberna | \u010dep | \u010dap | stavidlo | v\u00fdpus\u0165<\/p>\n","protected":false},"excerpt":{"rendered":"<p>K hrazen\u00ed a regulaci vodn\u00ed hladiny, respektive k regulaci odtoku, lze krom\u011b po\u017eer\u00e1ku vyu\u017e\u00edt tak\u00e9 stavidlo. Orienta\u010dn\u00ed cena dubov\u00e9ho stavidla, v\u010detn\u011b regula\u010dn\u00edch kovov\u00fdch prvk\u016f, je 17 tis. K\u010d.S dod\u00e1vkou v\u010detn\u011b kovov\u00e9ho vod\u00edc\u00edho r\u00e1mu je to p\u0159ibli\u017en\u011b 23 tis. K\u010d.Cena mont\u00e1\u017ee a zednick\u00fdch prac\u00ed je dle dohody. V\u0161echny ceny jsou uvedeny\u2026<\/p>\n<p class=\"continue-reading-button\"> <a class=\"continue-reading-link\" href=\"http:\/\/drevenepozeraky.cz\/?page_id=422\">Continue reading<i class=\"crycon-right-dir\"><\/i><\/a><\/p>\n","protected":false},"author":1,"featured_media":0,"parent":0,"menu_order":3,"comment_status":"closed","ping_status":"closed","template":"","meta":{"jetpack_post_was_ever_published":false,"footnotes":""},"class_list":["post-422","page","type-page","status-publish","hentry"],"jetpack_shortlink":"https:\/\/wp.me\/P4l0Ga-6O","jetpack_sharing_enabled":true,"_links":{"self":[{"href":"http:\/\/drevenepozeraky.cz\/index.php?rest_route=\/wp\/v2\/pages\/422","targetHints":{"allow":["GET"]}}],"collection":[{"href":"http:\/\/drevenepozeraky.cz\/index.php?rest_route=\/wp\/v2\/pages"}],"about":[{"href":"http:\/\/drevenepozeraky.cz\/index.php?rest_route=\/wp\/v2\/types\/page"}],"author":[{"embeddable":true,"href":"http:\/\/drevenepozeraky.cz\/index.php?rest_route=\/wp\/v2\/users\/1"}],"replies":[{"embeddable":true,"href":"http:\/\/drevenepozeraky.cz\/index.php?rest_route=%2Fwp%2Fv2%2Fcomments&post=422"}],"version-history":[{"count":12,"href":"http:\/\/drevenepozeraky.cz\/index.php?rest_route=\/wp\/v2\/pages\/422\/revisions"}],"predecessor-version":[{"id":552,"href":"http:\/\/drevenepozeraky.cz\/index.php?rest_route=\/wp\/v2\/pages\/422\/revisions\/552"}],"wp:attachment":[{"href":"http:\/\/drevenepozeraky.cz\/index.php?rest_route=%2Fwp%2Fv2%2Fmedia&parent=422"}],"curies":[{"name":"wp","href":"https:\/\/api.w.org\/{rel}","templated":true}]}}