{"id":366,"date":"2014-09-12T19:40:01","date_gmt":"2014-09-12T17:40:01","guid":{"rendered":"http:\/\/drevenepozeraky.cz\/?page_id=366"},"modified":"2025-02-21T14:57:59","modified_gmt":"2025-02-21T13:57:59","slug":"drevena-koryta","status":"publish","type":"page","link":"http:\/\/drevenepozeraky.cz\/?page_id=366","title":{"rendered":"D\u0159ev\u011bn\u00e1 koryta"},"content":{"rendered":"<p>Mezi na\u0161e produkty pat\u0159\u00ed tak\u00e9 d\u0159ev\u011bn\u00e1 koryta vyu\u017eiteln\u00e1 k veden\u00ed vody u r\u016fzn\u00fdch typ\u016f staveb.<\/p>\n<p><img loading=\"lazy\" decoding=\"async\" class=\"alignnone wp-image-367 size-large\" src=\"http:\/\/drevenepozeraky.cz\/wp-content\/uploads\/2014\/09\/a1-1024x284.jpg\" alt=\"a1\" width=\"900\" height=\"249\" srcset=\"http:\/\/drevenepozeraky.cz\/wp-content\/uploads\/2014\/09\/a1-1024x284.jpg 1024w, http:\/\/drevenepozeraky.cz\/wp-content\/uploads\/2014\/09\/a1-300x83.jpg 300w, http:\/\/drevenepozeraky.cz\/wp-content\/uploads\/2014\/09\/a1-250x69.jpg 250w, http:\/\/drevenepozeraky.cz\/wp-content\/uploads\/2014\/09\/a1-150x41.jpg 150w, http:\/\/drevenepozeraky.cz\/wp-content\/uploads\/2014\/09\/a1.jpg 2048w\" sizes=\"auto, (max-width: 900px) 100vw, 900px\" \/><\/p>\n<p>N\u011bkolik fotografi\u00ed n\u00e1mi vyroben\u00fdch koryt:<\/p>\n<span class=\"wp-easy-gallery\"><a onclick=\"var images=['http:\/\/drevenepozeraky.cz\/wp-content\/uploads\/2014\/09\/koryta_1.jpg', 'http:\/\/drevenepozeraky.cz\/wp-content\/uploads\/2014\/09\/koryta_2.jpg', 'http:\/\/drevenepozeraky.cz\/wp-content\/uploads\/2014\/09\/koryta_3.jpg', 'http:\/\/drevenepozeraky.cz\/wp-content\/uploads\/2014\/09\/koryta_4.jpg', 'http:\/\/drevenepozeraky.cz\/wp-content\/uploads\/2014\/09\/koryta_5.jpg', 'http:\/\/drevenepozeraky.cz\/wp-content\/uploads\/2014\/09\/koryta_6.jpg', 'http:\/\/drevenepozeraky.cz\/wp-content\/uploads\/2015\/12\/koryta_7.jpg', 'http:\/\/drevenepozeraky.cz\/wp-content\/uploads\/2015\/12\/koryta_8.jpg', 'http:\/\/drevenepozeraky.cz\/wp-content\/uploads\/2015\/12\/koryta_9.jpg']; var titles=['', '', '', '', '', '', '', '', '']; var descriptions=['', '', '', '', '', '', '', '', '']; jQuery.prettyPhoto.open(images,titles,descriptions);\" title=\"Koryta\" style=\"cursor: pointer;\"><img decoding=\"async\" class=\"dShadow trans\" src=\"http:\/\/drevenepozeraky.cz\/wp-content\/uploads\/2014\/09\/koryta_2-150x150.jpg\"   border=\"0\" alt=\"Koryta\" \/><\/a><\/span>\n\n\n<hr class=\"wp-block-separator has-alpha-channel-opacity\"\/>\n\n\n\n<p class=\"has-text-align-center\">po\u017eer\u00e1k | kbel | kaberna | \u010dep | \u010dap | stavidlo | v\u00fdpus\u0165<\/p>\n","protected":false},"excerpt":{"rendered":"<p>Mezi na\u0161e produkty pat\u0159\u00ed tak\u00e9 d\u0159ev\u011bn\u00e1 koryta vyu\u017eiteln\u00e1 k veden\u00ed vody u r\u016fzn\u00fdch typ\u016f staveb. N\u011bkolik fotografi\u00ed n\u00e1mi vyroben\u00fdch koryt: po\u017eer\u00e1k | kbel | kaberna | \u010dep | \u010dap | stavidlo | v\u00fdpus\u0165<\/p>\n<p class=\"continue-reading-button\"> <a class=\"continue-reading-link\" href=\"http:\/\/drevenepozeraky.cz\/?page_id=366\">Continue reading<i class=\"crycon-right-dir\"><\/i><\/a><\/p>\n","protected":false},"author":1,"featured_media":0,"parent":0,"menu_order":5,"comment_status":"closed","ping_status":"closed","template":"","meta":{"jetpack_post_was_ever_published":false,"footnotes":""},"class_list":["post-366","page","type-page","status-publish","hentry"],"jetpack_shortlink":"https:\/\/wp.me\/P4l0Ga-5U","jetpack_sharing_enabled":true,"_links":{"self":[{"href":"http:\/\/drevenepozeraky.cz\/index.php?rest_route=\/wp\/v2\/pages\/366","targetHints":{"allow":["GET"]}}],"collection":[{"href":"http:\/\/drevenepozeraky.cz\/index.php?rest_route=\/wp\/v2\/pages"}],"about":[{"href":"http:\/\/drevenepozeraky.cz\/index.php?rest_route=\/wp\/v2\/types\/page"}],"author":[{"embeddable":true,"href":"http:\/\/drevenepozeraky.cz\/index.php?rest_route=\/wp\/v2\/users\/1"}],"replies":[{"embeddable":true,"href":"http:\/\/drevenepozeraky.cz\/index.php?rest_route=%2Fwp%2Fv2%2Fcomments&post=366"}],"version-history":[{"count":4,"href":"http:\/\/drevenepozeraky.cz\/index.php?rest_route=\/wp\/v2\/pages\/366\/revisions"}],"predecessor-version":[{"id":553,"href":"http:\/\/drevenepozeraky.cz\/index.php?rest_route=\/wp\/v2\/pages\/366\/revisions\/553"}],"wp:attachment":[{"href":"http:\/\/drevenepozeraky.cz\/index.php?rest_route=%2Fwp%2Fv2%2Fmedia&parent=366"}],"curies":[{"name":"wp","href":"https:\/\/api.w.org\/{rel}","templated":true}]}}