{"id":313,"date":"2014-07-28T20:14:59","date_gmt":"2014-07-28T18:14:59","guid":{"rendered":"http:\/\/drevenepozeraky.cz\/?page_id=313"},"modified":"2025-02-21T15:00:16","modified_gmt":"2025-02-21T14:00:16","slug":"realizace","status":"publish","type":"page","link":"http:\/\/drevenepozeraky.cz\/?page_id=313","title":{"rendered":"Realizace"},"content":{"rendered":"<p>Krom\u011b v\u00fdroby po\u017eer\u00e1k\u016f zaji\u0161\u0165ujeme tak\u00e9 <big><big>PROJEKTOVOU P\u0158\u00cdPRAVU<\/big><\/big>\u00a0mal\u00fdch vodn\u00edch n\u00e1dr\u017e\u00ed, rybn\u00edk\u016f, t\u016fn\u00ed, mok\u0159ad\u016f.<\/p>\n<p>A to a\u017e do f\u00e1ze <big><big>STAVEBN\u00cdHO POVOLEN\u00cd<\/big><\/big>\u00a0\u010di \u017e\u00e1dosti o finan\u010dn\u00ed podporu z evropsk\u00fdch a n\u00e1rodn\u00edch fond\u016f.<\/p>\n<p>D\u00e1le prov\u00e1d\u00edme\u00a0<big><big>STAVEBN\u00cd PR\u00c1CE MEN\u0160\u00cdHO ROZSAHU<\/big><\/big>.<br \/>\nNej\u010dast\u011bji mont\u00e1\u017ee po\u017eer\u00e1k\u016f, v\u00fdstavbu cel\u00e9ho v\u00fdpustn\u00e9ho za\u0159\u00edzen\u00ed v\u010detn\u011b potrub\u00ed, p\u0159\u00edpadn\u011b celou realizaci men\u0161\u00edch vodn\u00edch n\u00e1dr\u017e\u00ed a rybn\u00edk\u016f.<\/p>\n<table class=\"aligncenter\" border=\"0px\" width=\"350px\">\n<tbody>\n<tr>\n<td><strong>Realizace<\/strong><\/td>\n<td><strong>Projektov\u00e1 p\u0159\u00edprava<\/strong><\/td>\n<\/tr>\n<tr>\n<td><span class=\"wp-easy-gallery\"><a onclick=\"var images=['http:\/\/drevenepozeraky.cz\/wp-content\/uploads\/2014\/07\/realizace_1-1024x768.jpg', 'http:\/\/drevenepozeraky.cz\/wp-content\/uploads\/2014\/07\/realizace_2-768x1024.jpg', 'http:\/\/drevenepozeraky.cz\/wp-content\/uploads\/2014\/07\/realizace_3-768x1024.jpg', 'http:\/\/drevenepozeraky.cz\/wp-content\/uploads\/2014\/07\/realizace_4-768x1024.jpg', 'http:\/\/drevenepozeraky.cz\/wp-content\/uploads\/2014\/07\/realizace_5-768x1024.jpg', 'http:\/\/drevenepozeraky.cz\/wp-content\/uploads\/2014\/07\/realizace_6-768x1024.jpg', 'http:\/\/drevenepozeraky.cz\/wp-content\/uploads\/2014\/07\/realizace_7-768x1024.jpg', 'http:\/\/drevenepozeraky.cz\/wp-content\/uploads\/2014\/07\/realizace_8-768x1024.jpg', 'http:\/\/drevenepozeraky.cz\/wp-content\/uploads\/2014\/07\/realizace_9-768x1024.jpg', 'http:\/\/drevenepozeraky.cz\/wp-content\/uploads\/2014\/07\/realizace_10-768x1024.jpg', 'http:\/\/drevenepozeraky.cz\/wp-content\/uploads\/2014\/07\/realizace_11-768x1024.jpg']; var titles=['', '', '', '', '', '', '', '', '', '', '']; var descriptions=['', '', '', '', '', '', '', '', '', '', '']; jQuery.prettyPhoto.open(images,titles,descriptions);\" title=\"realizace\" style=\"cursor: pointer;\"><img decoding=\"async\" class=\"dShadow trans\" src=\"http:\/\/drevenepozeraky.cz\/wp-content\/uploads\/2014\/07\/realizace_1-150x150.jpg\" width='150' height='150' border=\"0\" alt=\"realizace\" \/><\/a><\/span><\/td>\n<td><span class=\"wp-easy-gallery\"><a onclick=\"var images=['http:\/\/drevenepozeraky.cz\/wp-content\/uploads\/2014\/09\/vykres_1.jpg', 'http:\/\/drevenepozeraky.cz\/wp-content\/uploads\/2014\/09\/vykres_2.jpg', 'http:\/\/drevenepozeraky.cz\/wp-content\/uploads\/2014\/09\/vykres_3.jpg', 'http:\/\/drevenepozeraky.cz\/wp-content\/uploads\/2014\/09\/vykres_4.jpg', 'http:\/\/drevenepozeraky.cz\/wp-content\/uploads\/2014\/09\/vykres_5.jpg', 'http:\/\/drevenepozeraky.cz\/wp-content\/uploads\/2014\/09\/vykres_6.jpg', 'http:\/\/drevenepozeraky.cz\/wp-content\/uploads\/2014\/09\/vykres_7.jpg', 'http:\/\/drevenepozeraky.cz\/wp-content\/uploads\/2014\/09\/vykres_8.jpg']; var titles=['', '', '', '', '', '', '', '']; var descriptions=['', '', '', '', '', '', '', '']; jQuery.prettyPhoto.open(images,titles,descriptions);\" title=\"V\u00fdkresy\" style=\"cursor: pointer;\"><img decoding=\"async\" class=\"dShadow trans\" src=\"http:\/\/drevenepozeraky.cz\/wp-content\/uploads\/2014\/09\/vykres_5-150x150.jpg\"   border=\"0\" alt=\"V\u00fdkresy\" \/><\/a><\/span><\/td>\n<\/tr>\n<\/tbody>\n<\/table>\n\n\n<hr class=\"wp-block-separator has-alpha-channel-opacity\"\/>\n\n\n\n<p class=\"has-text-align-center\">po\u017eer\u00e1k | kbel | kaberna | \u010dep | \u010dap | stavidlo | v\u00fdpus\u0165<\/p>\n","protected":false},"excerpt":{"rendered":"<p>Krom\u011b v\u00fdroby po\u017eer\u00e1k\u016f zaji\u0161\u0165ujeme tak\u00e9 PROJEKTOVOU P\u0158\u00cdPRAVU\u00a0mal\u00fdch vodn\u00edch n\u00e1dr\u017e\u00ed, rybn\u00edk\u016f, t\u016fn\u00ed, mok\u0159ad\u016f. A to a\u017e do f\u00e1ze STAVEBN\u00cdHO POVOLEN\u00cd\u00a0\u010di \u017e\u00e1dosti o finan\u010dn\u00ed podporu z evropsk\u00fdch a n\u00e1rodn\u00edch fond\u016f. D\u00e1le prov\u00e1d\u00edme\u00a0STAVEBN\u00cd PR\u00c1CE MEN\u0160\u00cdHO ROZSAHU. Nej\u010dast\u011bji mont\u00e1\u017ee po\u017eer\u00e1k\u016f, v\u00fdstavbu cel\u00e9ho v\u00fdpustn\u00e9ho za\u0159\u00edzen\u00ed v\u010detn\u011b potrub\u00ed, p\u0159\u00edpadn\u011b celou realizaci men\u0161\u00edch vodn\u00edch n\u00e1dr\u017e\u00ed a rybn\u00edk\u016f.\u2026<\/p>\n<p class=\"continue-reading-button\"> <a class=\"continue-reading-link\" href=\"http:\/\/drevenepozeraky.cz\/?page_id=313\">Continue reading<i class=\"crycon-right-dir\"><\/i><\/a><\/p>\n","protected":false},"author":1,"featured_media":0,"parent":0,"menu_order":7,"comment_status":"closed","ping_status":"closed","template":"","meta":{"jetpack_post_was_ever_published":false,"footnotes":""},"class_list":["post-313","page","type-page","status-publish","hentry"],"jetpack_shortlink":"https:\/\/wp.me\/P4l0Ga-53","jetpack_sharing_enabled":true,"_links":{"self":[{"href":"http:\/\/drevenepozeraky.cz\/index.php?rest_route=\/wp\/v2\/pages\/313","targetHints":{"allow":["GET"]}}],"collection":[{"href":"http:\/\/drevenepozeraky.cz\/index.php?rest_route=\/wp\/v2\/pages"}],"about":[{"href":"http:\/\/drevenepozeraky.cz\/index.php?rest_route=\/wp\/v2\/types\/page"}],"author":[{"embeddable":true,"href":"http:\/\/drevenepozeraky.cz\/index.php?rest_route=\/wp\/v2\/users\/1"}],"replies":[{"embeddable":true,"href":"http:\/\/drevenepozeraky.cz\/index.php?rest_route=%2Fwp%2Fv2%2Fcomments&post=313"}],"version-history":[{"count":12,"href":"http:\/\/drevenepozeraky.cz\/index.php?rest_route=\/wp\/v2\/pages\/313\/revisions"}],"predecessor-version":[{"id":556,"href":"http:\/\/drevenepozeraky.cz\/index.php?rest_route=\/wp\/v2\/pages\/313\/revisions\/556"}],"wp:attachment":[{"href":"http:\/\/drevenepozeraky.cz\/index.php?rest_route=%2Fwp%2Fv2%2Fmedia&parent=313"}],"curies":[{"name":"wp","href":"https:\/\/api.w.org\/{rel}","templated":true}]}}