{"id":2,"date":"2014-01-24T21:19:42","date_gmt":"2014-01-24T21:19:42","guid":{"rendered":"http:\/\/drevenepozeraky.cz\/?page_id=2"},"modified":"2025-02-21T14:54:31","modified_gmt":"2025-02-21T13:54:31","slug":"home","status":"publish","type":"page","link":"http:\/\/drevenepozeraky.cz\/?page_id=2","title":{"rendered":"O n\u00e1s"},"content":{"rendered":"<p><span style=\"line-height: 1.5;\">V\u00edtejte, jsme r\u00e1di, \u017ee jste n\u00e1s nav\u0161t\u00edvili! Na t\u011bchto str\u00e1nk\u00e1ch p\u0159edstavujeme na\u0161e v\u00fdrobky a slu\u017eby.<br \/>\nV\u011b\u0159\u00edme, \u017ee zde najdete pot\u0159ebn\u00e9 informace a \u017ee V\u00e1s o kvalit\u011b na\u0161ich v\u00fdrobk\u016f a slu\u017eeb p\u0159esv\u011bd\u010d\u00edme.<\/span><\/p>\n<p>&#8211;&gt; Vyr\u00e1b\u00edme:<\/p>\n<ul>\n<li><u><a href=\"http:\/\/drevenepozeraky.cz\/?page_id=9\">Po\u017eer\u00e1ky<\/a><\/u> (ozna\u010dovan\u00e9 n\u011bkdy tak\u00e9 jako kbely, \u010depy, \u010dapy, stavidla, kaberny)<\/li>\n<li><u><a href=\"http:\/\/drevenepozeraky.cz\/?page_id=19\">L\u00e1vky, mola<\/a><\/u><\/li>\n<li><span style=\"text-decoration: underline;\"><a href=\"http:\/\/drevenepozeraky.cz\/?page_id=422\">Stavidla<\/a><\/span><\/li>\n<li><u><a href=\"http:\/\/drevenepozeraky.cz\/?page_id=366\">Koryta<\/a><\/u> (pro n\u00e1hony, vodote\u010de, pro osazen\u00ed rostlinami)<\/li>\n<\/ul>\n<p>&#8211;&gt; Prov\u00e1d\u00edme <span style=\"text-decoration: underline;\"><a href=\"http:\/\/drevenepozeraky.cz\/?page_id=313\">stavebn\u00ed pr\u00e1ce<\/a><\/span> men\u0161\u00edho rozsahu<\/p>\n<p>&#8211;&gt; Zajist\u00edme <span style=\"text-decoration: underline;\"><a href=\"http:\/\/drevenepozeraky.cz\/?page_id=313\">projektovou p\u0159\u00edpravu<\/a><\/span> vodohospod\u00e1\u0159sk\u00fdch staveb<\/p>\n<p style=\"text-align: center;\"><a title=\"Napi\u0161te n\u00e1m!\" href=\"mailto:drevenepozeraky@centrum.cz\">Tom\u00e1\u0161 Dvo\u0159\u00e1k<\/a><br \/>\nKontaktn\u00ed osoba pro \u010ceskou a Slovenskou republiku<br \/>\ne-mail: drevenepozeraky@centrum.cz, tel. \u010d.: +420 728 281 319<\/p>\n\n\n<hr class=\"wp-block-separator has-alpha-channel-opacity\"\/>\n\n\n\n<p class=\"has-text-align-center\">po\u017eer\u00e1k | kbel | kaberna | \u010dep | \u010dap | stavidlo | v\u00fdpus\u0165<\/p>\n","protected":false},"excerpt":{"rendered":"<p>V\u00edtejte, jsme r\u00e1di, \u017ee jste n\u00e1s nav\u0161t\u00edvili! Na t\u011bchto str\u00e1nk\u00e1ch p\u0159edstavujeme na\u0161e v\u00fdrobky a slu\u017eby. V\u011b\u0159\u00edme, \u017ee zde najdete pot\u0159ebn\u00e9 informace a \u017ee V\u00e1s o kvalit\u011b na\u0161ich v\u00fdrobk\u016f a slu\u017eeb p\u0159esv\u011bd\u010d\u00edme. &#8211;&gt; Vyr\u00e1b\u00edme: Po\u017eer\u00e1ky (ozna\u010dovan\u00e9 n\u011bkdy tak\u00e9 jako kbely, \u010depy, \u010dapy, stavidla, kaberny) L\u00e1vky, mola Stavidla Koryta (pro n\u00e1hony, vodote\u010de,\u2026<\/p>\n<p class=\"continue-reading-button\"> <a class=\"continue-reading-link\" href=\"http:\/\/drevenepozeraky.cz\/?page_id=2\">Continue reading<i class=\"crycon-right-dir\"><\/i><\/a><\/p>\n","protected":false},"author":1,"featured_media":0,"parent":0,"menu_order":1,"comment_status":"closed","ping_status":"closed","template":"","meta":{"jetpack_post_was_ever_published":false,"footnotes":""},"class_list":["post-2","page","type-page","status-publish","hentry"],"jetpack_shortlink":"https:\/\/wp.me\/P4l0Ga-2","jetpack_sharing_enabled":true,"_links":{"self":[{"href":"http:\/\/drevenepozeraky.cz\/index.php?rest_route=\/wp\/v2\/pages\/2","targetHints":{"allow":["GET"]}}],"collection":[{"href":"http:\/\/drevenepozeraky.cz\/index.php?rest_route=\/wp\/v2\/pages"}],"about":[{"href":"http:\/\/drevenepozeraky.cz\/index.php?rest_route=\/wp\/v2\/types\/page"}],"author":[{"embeddable":true,"href":"http:\/\/drevenepozeraky.cz\/index.php?rest_route=\/wp\/v2\/users\/1"}],"replies":[{"embeddable":true,"href":"http:\/\/drevenepozeraky.cz\/index.php?rest_route=%2Fwp%2Fv2%2Fcomments&post=2"}],"version-history":[{"count":31,"href":"http:\/\/drevenepozeraky.cz\/index.php?rest_route=\/wp\/v2\/pages\/2\/revisions"}],"predecessor-version":[{"id":550,"href":"http:\/\/drevenepozeraky.cz\/index.php?rest_route=\/wp\/v2\/pages\/2\/revisions\/550"}],"wp:attachment":[{"href":"http:\/\/drevenepozeraky.cz\/index.php?rest_route=%2Fwp%2Fv2%2Fmedia&parent=2"}],"curies":[{"name":"wp","href":"https:\/\/api.w.org\/{rel}","templated":true}]}}