{"id":19,"date":"2014-02-07T11:23:35","date_gmt":"2014-02-07T10:23:35","guid":{"rendered":"http:\/\/drevenepozeraky.cz\/?page_id=19"},"modified":"2025-02-21T14:53:19","modified_gmt":"2025-02-21T13:53:19","slug":"lavky","status":"publish","type":"page","link":"http:\/\/drevenepozeraky.cz\/?page_id=19","title":{"rendered":"L\u00e1vky"},"content":{"rendered":"<p>Po\u017eer\u00e1k stoj\u00ed ve vod\u011b, zpravidla n\u011bkolik metr\u016f od hr\u00e1ze. Aby bylo mo\u017en\u00e9 se k n\u011bmu bez probl\u00e9m\u016f dostat, pot\u0159ebujeme l\u00e1vku.<\/p>\n<p>Na\u0161e l\u00e1vky jsou vyr\u00e1b\u011bny ze smrkov\u00e9ho, borov\u00e9ho nebo dubov\u00e9ho d\u0159eva. Pou\u017e\u00edv\u00e1me bu\u010f prkna nebo fo\u0161ny.<br \/>Dal\u0161\u00ed variantou proveden\u00ed je se z\u00e1bradl\u00edm a bez z\u00e1bradl\u00ed (viz. foto dubov\u00e9 l\u00e1vky).<\/p>\n<p>Cena:<br \/>&#8211; M\u011bkk\u00e9 d\u0159evo, podlaha z prken: 3757,- K\u010d\/bm<br \/>&#8211; M\u011bkk\u00e9 d\u0159evo, podlaha fo\u0161en: 4260,- K\u010d\/bm<br \/>&#8211; Dub, podlaha z prken: 4726,- K\u010d\/bm<br \/>&#8211; Dub, podlaha z fo\u0161en: 5790,- K\u010d\/bm<br \/>&#8211; z\u00e1bradl\u00ed z jedn\u00e9 strany: 2039,- K\u010d\/bm<\/p>\n<table class=\"aligncenter\" border=\"0px\" width=\"350px\">\n<tbody>\n<tr>\n<td><strong>Borovice, Smrk<\/strong><\/td>\n<td><strong>Dub<\/strong><\/td>\n<\/tr>\n<tr>\n<td><span class=\"wp-easy-gallery\"><a onclick=\"var images=['http:\/\/drevenepozeraky.cz\/wp-content\/uploads\/2014\/02\/lavka_13.jpg', 'http:\/\/drevenepozeraky.cz\/wp-content\/uploads\/2014\/02\/lavka_21.jpg', 'http:\/\/drevenepozeraky.cz\/wp-content\/uploads\/2014\/02\/lavka_31.jpg', 'http:\/\/drevenepozeraky.cz\/wp-content\/uploads\/2014\/02\/lavka_41.jpg']; var titles=['', '', '', '']; var descriptions=['', '', '', '']; jQuery.prettyPhoto.open(images,titles,descriptions);\" title=\"L\u00e1vka 1\" style=\"cursor: pointer;\"><img decoding=\"async\" class=\"dShadow trans\" src=\"http:\/\/drevenepozeraky.cz\/wp-content\/uploads\/2014\/02\/lavka_12-150x150.jpg\"   border=\"0\" alt=\"L\u00e1vka 1\" \/><\/a><\/span><\/td>\n<td><span class=\"wp-easy-gallery\"><a onclick=\"var images=['http:\/\/drevenepozeraky.cz\/wp-content\/uploads\/2014\/02\/lavka_dub_1-600.jpg', 'http:\/\/drevenepozeraky.cz\/wp-content\/uploads\/2014\/02\/lavka_dub_2-600.jpg', 'http:\/\/drevenepozeraky.cz\/wp-content\/uploads\/2014\/02\/lavka_dub_3-600.jpg', 'http:\/\/drevenepozeraky.cz\/wp-content\/uploads\/2014\/02\/lavka_dub_4-600.jpg', 'http:\/\/drevenepozeraky.cz\/wp-content\/uploads\/2014\/02\/lavka_dub_5-600.jpg', 'http:\/\/drevenepozeraky.cz\/wp-content\/uploads\/2014\/02\/lavka_dub_6-600.jpg', 'http:\/\/drevenepozeraky.cz\/wp-content\/uploads\/2014\/02\/lavka_dub_7-6001.jpg', 'http:\/\/drevenepozeraky.cz\/wp-content\/uploads\/2014\/02\/lavka_dub_8-600.jpg', 'http:\/\/drevenepozeraky.cz\/wp-content\/uploads\/2014\/02\/lavka_dub_9-600.jpg', 'http:\/\/drevenepozeraky.cz\/wp-content\/uploads\/2014\/02\/lavka_dub_10-600.jpg', 'http:\/\/drevenepozeraky.cz\/wp-content\/uploads\/2014\/02\/lavka_dub_11-600.jpg']; var titles=['', '', '', '', '', '', '', '', '', '', '']; var descriptions=['', '', '', '', '', '', '', '', '', '', '']; jQuery.prettyPhoto.open(images,titles,descriptions);\" title=\"L\u00e1vka 2\" style=\"cursor: pointer;\"><img decoding=\"async\" class=\"dShadow trans\" src=\"http:\/\/drevenepozeraky.cz\/wp-content\/uploads\/2014\/02\/lavka_dub_7-600-150x150.jpg\"   border=\"0\" alt=\"L\u00e1vka 2\" \/><\/a><\/span><\/td>\n<\/tr>\n<\/tbody>\n<\/table>\n<hr \/>\n<p style=\"text-align: left;\"><strong><em>V\u0161echny ceny jsou uvedeny bez DPH<\/em><br \/><\/strong><strong><br \/><\/strong><\/p>\n\n\n<hr class=\"wp-block-separator has-alpha-channel-opacity\"\/>\n\n\n\n<p class=\"has-text-align-center\">po\u017eer\u00e1k | kbel | kaberna | \u010dep | \u010dap | stavidlo | v\u00fdpus\u0165<\/p>\n","protected":false},"excerpt":{"rendered":"<p>Po\u017eer\u00e1k stoj\u00ed ve vod\u011b, zpravidla n\u011bkolik metr\u016f od hr\u00e1ze. Aby bylo mo\u017en\u00e9 se k n\u011bmu bez probl\u00e9m\u016f dostat, pot\u0159ebujeme l\u00e1vku. Na\u0161e l\u00e1vky jsou vyr\u00e1b\u011bny ze smrkov\u00e9ho, borov\u00e9ho nebo dubov\u00e9ho d\u0159eva. Pou\u017e\u00edv\u00e1me bu\u010f prkna nebo fo\u0161ny.Dal\u0161\u00ed variantou proveden\u00ed je se z\u00e1bradl\u00edm a bez z\u00e1bradl\u00ed (viz. foto dubov\u00e9 l\u00e1vky). Cena:&#8211; M\u011bkk\u00e9 d\u0159evo,\u2026<\/p>\n<p class=\"continue-reading-button\"> <a class=\"continue-reading-link\" href=\"http:\/\/drevenepozeraky.cz\/?page_id=19\">Continue reading<i class=\"crycon-right-dir\"><\/i><\/a><\/p>\n","protected":false},"author":1,"featured_media":0,"parent":0,"menu_order":4,"comment_status":"closed","ping_status":"closed","template":"","meta":{"jetpack_post_was_ever_published":false,"footnotes":""},"class_list":["post-19","page","type-page","status-publish","hentry"],"jetpack_shortlink":"https:\/\/wp.me\/P4l0Ga-j","jetpack_sharing_enabled":true,"_links":{"self":[{"href":"http:\/\/drevenepozeraky.cz\/index.php?rest_route=\/wp\/v2\/pages\/19","targetHints":{"allow":["GET"]}}],"collection":[{"href":"http:\/\/drevenepozeraky.cz\/index.php?rest_route=\/wp\/v2\/pages"}],"about":[{"href":"http:\/\/drevenepozeraky.cz\/index.php?rest_route=\/wp\/v2\/types\/page"}],"author":[{"embeddable":true,"href":"http:\/\/drevenepozeraky.cz\/index.php?rest_route=\/wp\/v2\/users\/1"}],"replies":[{"embeddable":true,"href":"http:\/\/drevenepozeraky.cz\/index.php?rest_route=%2Fwp%2Fv2%2Fcomments&post=19"}],"version-history":[{"count":20,"href":"http:\/\/drevenepozeraky.cz\/index.php?rest_route=\/wp\/v2\/pages\/19\/revisions"}],"predecessor-version":[{"id":549,"href":"http:\/\/drevenepozeraky.cz\/index.php?rest_route=\/wp\/v2\/pages\/19\/revisions\/549"}],"wp:attachment":[{"href":"http:\/\/drevenepozeraky.cz\/index.php?rest_route=%2Fwp%2Fv2%2Fmedia&parent=19"}],"curies":[{"name":"wp","href":"https:\/\/api.w.org\/{rel}","templated":true}]}}